{"id":43,"date":"2026-04-24T00:14:05","date_gmt":"2026-04-24T03:14:05","guid":{"rendered":"https:\/\/projetos-clynirblog.khqj7o.easypanel.host\/?page_id=43"},"modified":"2026-04-24T02:43:16","modified_gmt":"2026-04-24T05:43:16","slug":"blog","status":"publish","type":"page","link":"https:\/\/clynir.com\/blog\/","title":{"rendered":"blog"},"content":{"rendered":"\t\t<div data-elementor-type=\"wp-page\" data-elementor-id=\"43\" class=\"elementor elementor-43\" data-elementor-post-type=\"page\">\n\t\t\t\t<div class=\"elementor-element elementor-element-55d7c78 e-flex e-con-boxed e-con e-parent\" data-id=\"55d7c78\" data-element_type=\"container\" data-e-type=\"container\" data-settings=\"{&quot;background_background&quot;:&quot;classic&quot;}\">\n\t\t\t\t\t<div class=\"e-con-inner\">\n\t\t\t\t<div class=\"elementor-element elementor-element-47a4132 elementor-widget elementor-widget-ucaddon_post_magazine_grid\" data-id=\"47a4132\" data-element_type=\"widget\" data-e-type=\"widget\" data-widget_type=\"ucaddon_post_magazine_grid.default\">\n\t\t\t\t<div class=\"elementor-widget-container\">\n\t\t\t\t\t\n<!-- start Post Magazine Grid -->\n\t\t<link id='font-awesome-css' href='https:\/\/blog.clynir.com\/wp-content\/plugins\/unlimited-elements-for-elementor-premium\/assets_libraries\/font-awesome6\/fontawesome-all.min.css' type='text\/css' rel='stylesheet' >\n\t\t<link id='font-awesome-4-shim-css' href='https:\/\/blog.clynir.com\/wp-content\/plugins\/unlimited-elements-for-elementor-premium\/assets_libraries\/font-awesome6\/fontawesome-v4-shims.min.css' type='text\/css' rel='stylesheet' >\n\n<style>\/* widget: Post Magazine Grid *\/\n\n\r\n@keyframes uc_post_magazine_grid_elementor_47a4132__item-animation {\r\n  0% {\r\n            \r\n        \t        \tfilter: blur(10px);\r\n\t\t\t\r\n    \t    opacity: 0;\r\n  }\r\n  100% {\r\n            \r\n        \t            filter: blur(0px);\r\n            \r\n    \t\topacity: 1;\r\n  }\r\n}\r\n\r\n\r\n#uc_post_magazine_grid_elementor_47a4132 .ue-grid-item{\r\n\topacity:0;\r\n}\r\n\r\n\r\n#uc_post_magazine_grid_elementor_47a4132 .uc-entrance-animate {\r\n  opacity:1;\r\n}\r\n\r\n#uc_post_magazine_grid_elementor_47a4132 .uc-entrance-animate {\r\n\tanimation: uc_post_magazine_grid_elementor_47a4132__item-animation 0.6s cubic-bezier(0.470, 0.000, 0.745, 0.715) both;\r\n}\r\n\r\n\t\t\t\n\n#uc_post_magazine_grid_elementor_47a4132 *{\n  box-sizing:border-box;\n}\n\n#uc_post_magazine_grid_elementor_47a4132{\n  display: grid;\n  grid-auto-rows: 1fr;\n}\n\n#uc_post_magazine_grid_elementor_47a4132 div.ue-grid-item{\n  overflow:hidden;\n  display:flex;\n  position:relative;\n}\n\n#uc_post_magazine_grid_elementor_47a4132 .ue-grid-item-intro{\n  position: relative;\n  z-index: 1;\n}\n\n#uc_post_magazine_grid_elementor_47a4132 .ue-grid-item-image img{\n  width:100%;\n  display:block;\n}\n\n#uc_post_magazine_grid_elementor_47a4132.ue-layout-cover .ue-grid-item-image{\n  position:absolute;\n  top:0;\n  left:0;\n  bottom:0;\n  right:0;\n}\n\n#uc_post_magazine_grid_elementor_47a4132.ue-layout-cover .ue-grid-item-image img{\n  height:100%;\n  object-fit: cover;\n}\n\n#uc_post_magazine_grid_elementor_47a4132.ue-layout-cover .ue-grid-item-content{\n  position:absolute;\n  width:100%;\n  bottom:0px;\n}\n\n#uc_post_magazine_grid_elementor_47a4132 .ue-grid-item-image-overlay{\n  position:absolute;\n  z-index: 1;\n  width:100%;\n  top:0;\n  display:block;\n  bottom:0;\n  height:100%;\n  transition:0.3s;\n}\n\n.ue-grid-item-title a{\n  font-size:21px;\n  font-weight:bold;\n  position: relative;\n  z-index: 1;  \n}\n\n.ue-grid-item-category a{\n  display:inline-block;\n  font-size:10px;\n  text-transform:uppercase;\n  position: relative;\n  z-index: 1; \n}\n\n#uc_post_magazine_grid_elementor_47a4132 .uc_more_btn{\n  text-align:center;\n  text-decoration:none;\n  transition:0.3s;\n  position: relative;\n  z-index: 1;\n}\n\n#uc_post_magazine_grid_elementor_47a4132 .ue-grid-item-meta-data{\n  display:flex;\n  flex-wrap: wrap;\n}\n\n.ue-grid-item-meta-data{\n  font-size:12px;\n}\n\n#uc_post_magazine_grid_elementor_47a4132 .ue-grid-item-meta-data-icon{\n  line-height:1em;\n}\n\n#uc_post_magazine_grid_elementor_47a4132 .ue-grid-item-meta-data-icon svg{\n  width:1em;\n  height:1em;\n}\n\n\n\n#uc_post_magazine_grid_elementor_47a4132 .ue-date-calendar{\n     position:absolute;\n     top:0px;\n     left:0px;\n     text-align:center;\n}\n\n@media only screen and (max-width: 600px) {\n  #uc_post_magazine_grid_elementor_47a4132 div.ue-grid-item  {\n    grid-column: span 1;\n    grid-row: span 1;\n  }\n  \n  #uc_post_magazine_grid_elementor_47a4132  {\n  grid-template-columns: repeat(1, 1fr);\n  }\n}\n\n\n\n<\/style>\n\n<div id=\"uc_post_magazine_grid_elementor_47a4132\" class=\"post_magazine_grid ue-layout-cover uc-items-wrapper \" >\n\t\n<div class=\"ue-grid-item\">\n  \n\t<div class=\"ue-grid-item-image\">\n       \n          <img fetchpriority=\"high\" decoding=\"async\" src=\"https:\/\/blog.clynir.com\/wp-content\/uploads\/2026\/04\/CLYNIR-BLOG-04-768x512.png\"  src=\"https:\/\/blog.clynir.com\/wp-content\/uploads\/2026\/04\/CLYNIR-BLOG-04-768x512.png\" alt=\"CLYNIR BLOG 04\" width=\"768\" height=\"512\">  \n      \t\n\t        \n      <a class=\"ue-grid-item-image-overlay \" href='https:\/\/clynir.com\/blog\/saude-mental-virou-prioridade-e-as-clinicas-que-nao-se-adaptarem-vao-ficar-para-tras\/'><\/a>\n    <\/div>\n    <div class=\"ue-grid-item-content\">\n      \n        \t           \n    <div class=\"ue-grid-item-category\">\n              <a href=\"https:\/\/clynir.com\/blog\/category\/saude\/\">Sa\u00fade<\/a>\n          <\/div>\n              \n      <div class=\"ue-grid-item-title\"><a class=\"\" href='https:\/\/clynir.com\/blog\/saude-mental-virou-prioridade-e-as-clinicas-que-nao-se-adaptarem-vao-ficar-para-tras\/'>Sa\u00fade mental virou prioridade \u2014 e as cl\u00ednicas que n\u00e3o se adaptarem v\u00e3o ficar para tr\u00e1s<\/a><\/div>      \n            \n                <\/div>\n  \n    \n    \n    \n<\/div>\n\n<div class=\"ue-grid-item\">\n  \n\t<div class=\"ue-grid-item-image\">\n       \n          <img decoding=\"async\" src=\"https:\/\/blog.clynir.com\/wp-content\/uploads\/2026\/04\/CLYNIR-BLOG-01-768x512.png\"  src=\"https:\/\/blog.clynir.com\/wp-content\/uploads\/2026\/04\/CLYNIR-BLOG-01-768x512.png\" alt=\"CLYNIR BLOG 01\" width=\"768\" height=\"512\">  \n      \t\n\t        \n      <a class=\"ue-grid-item-image-overlay \" href='https:\/\/clynir.com\/blog\/por-que-clinicas-organizadas-crescem-mais-rapido-mesmo-com-menos-pacientes\/'><\/a>\n    <\/div>\n    <div class=\"ue-grid-item-content\">\n      \n        \t           \n    <div class=\"ue-grid-item-category\">\n              <a href=\"https:\/\/clynir.com\/blog\/category\/dicas\/\">Dicas<\/a>\n          <\/div>\n              \n      <div class=\"ue-grid-item-title\"><a class=\"\" href='https:\/\/clynir.com\/blog\/por-que-clinicas-organizadas-crescem-mais-rapido-mesmo-com-menos-pacientes\/'>Por que cl\u00ednicas organizadas crescem mais r\u00e1pido (mesmo com menos pacientes)<\/a><\/div>      \n            \n                <\/div>\n  \n    \n    \n    \n<\/div>\n\n<div class=\"ue-grid-item\">\n  \n\t<div class=\"ue-grid-item-image\">\n       \n          <img decoding=\"async\" src=\"https:\/\/blog.clynir.com\/wp-content\/uploads\/2026\/04\/CLYNIR-BLOG-03-768x512.png\"  src=\"https:\/\/blog.clynir.com\/wp-content\/uploads\/2026\/04\/CLYNIR-BLOG-03-768x512.png\" alt=\"CLYNIR-BLOG-03.png\" width=\"768\" height=\"512\">  \n      \t\n\t        \n      <a class=\"ue-grid-item-image-overlay \" href='https:\/\/clynir.com\/blog\/como-a-tecnologia-esta-transformando-clinicas-e-quem-nao-acompanhar-vai-ficar-para-tras\/'><\/a>\n    <\/div>\n    <div class=\"ue-grid-item-content\">\n      \n        \t           \n    <div class=\"ue-grid-item-category\">\n              <a href=\"https:\/\/clynir.com\/blog\/category\/tecnologia\/\">Tecnologia<\/a>\n          <\/div>\n              \n      <div class=\"ue-grid-item-title\"><a class=\"\" href='https:\/\/clynir.com\/blog\/como-a-tecnologia-esta-transformando-clinicas-e-quem-nao-acompanhar-vai-ficar-para-tras\/'>Como a tecnologia est\u00e1 transformando cl\u00ednicas (e quem n\u00e3o acompanhar vai ficar para tr\u00e1s)<\/a><\/div>      \n            \n                <\/div>\n  \n    \n    \n    \n<\/div>\n\n<\/div>\n\n\n<!-- end Post Magazine Grid -->\t\t\t\t<\/div>\n\t\t\t\t<\/div>\n\t\t\t\t\t<\/div>\n\t\t\t\t<\/div>\n\t\t<div class=\"elementor-element elementor-element-4e26635 e-flex e-con-boxed e-con e-parent\" data-id=\"4e26635\" data-element_type=\"container\" data-e-type=\"container\">\n\t\t\t\t\t<div class=\"e-con-inner\">\n\t\t<div class=\"elementor-element elementor-element-67250fb e-con-full e-flex e-con e-child\" data-id=\"67250fb\" data-element_type=\"container\" data-e-type=\"container\">\n\t\t\t\t<div class=\"elementor-element elementor-element-7128225 elementor-widget elementor-widget-image\" data-id=\"7128225\" data-element_type=\"widget\" data-e-type=\"widget\" data-widget_type=\"image.default\">\n\t\t\t\t\t\t\t\t\t\t\t\t\t\t\t\t<a href=\"https:\/\/clynir.com\">\n\t\t\t\t\t\t\t<img decoding=\"async\" src=\"https:\/\/blog.clynir.com\/wp-content\/uploads\/2026\/04\/Captura-de-tela-2026-04-24-011620.png\" title=\"Captura de tela 2026-04-24 011620\" alt=\"Captura de tela 2026-04-24 011620\" loading=\"lazy\" \/>\t\t\t\t\t\t\t\t<\/a>\n\t\t\t\t\t\t\t\t\t\t\t\t\t\t\t<\/div>\n\t\t\t\t<\/div>\n\t\t\t\t\t<\/div>\n\t\t\t\t<\/div>\n\t\t<div class=\"elementor-element elementor-element-8e4698f e-flex e-con-boxed e-con e-parent\" data-id=\"8e4698f\" data-element_type=\"container\" data-e-type=\"container\">\n\t\t\t\t\t<div class=\"e-con-inner\">\n\t\t\t\t<div class=\"elementor-element elementor-element-f2d3e62 elementor-grid-mobile-2 elementor-grid-3 elementor-grid-tablet-2 elementor-posts--thumbnail-top elementor-card-shadow-yes elementor-posts__hover-gradient elementor-widget elementor-widget-posts\" data-id=\"f2d3e62\" data-element_type=\"widget\" data-e-type=\"widget\" data-settings=\"{&quot;cards_columns_mobile&quot;:&quot;2&quot;,&quot;cards_masonry&quot;:&quot;yes&quot;,&quot;cards_row_gap_mobile&quot;:{&quot;unit&quot;:&quot;px&quot;,&quot;size&quot;:18,&quot;sizes&quot;:[]},&quot;cards_columns&quot;:&quot;3&quot;,&quot;cards_columns_tablet&quot;:&quot;2&quot;,&quot;cards_row_gap&quot;:{&quot;unit&quot;:&quot;px&quot;,&quot;size&quot;:35,&quot;sizes&quot;:[]},&quot;cards_row_gap_tablet&quot;:{&quot;unit&quot;:&quot;px&quot;,&quot;size&quot;:&quot;&quot;,&quot;sizes&quot;:[]}}\" data-widget_type=\"posts.cards\">\n\t\t\t\t<div class=\"elementor-widget-container\">\n\t\t\t\t\t\t\t<div class=\"elementor-posts-container elementor-posts elementor-posts--skin-cards elementor-grid\" role=\"list\">\n\t\t\t\t<article class=\"elementor-post elementor-grid-item post-101 post type-post status-publish format-standard has-post-thumbnail hentry category-saude\" role=\"listitem\">\n\t\t\t<div class=\"elementor-post__card\">\n\t\t\t\t<a class=\"elementor-post__thumbnail__link\" href=\"https:\/\/clynir.com\/blog\/saude-mental-virou-prioridade-e-as-clinicas-que-nao-se-adaptarem-vao-ficar-para-tras\/\" tabindex=\"-1\" ><div class=\"elementor-post__thumbnail\"><img loading=\"lazy\" decoding=\"async\" width=\"300\" height=\"200\" src=\"https:\/\/blog.clynir.com\/wp-content\/uploads\/2026\/04\/CLYNIR-BLOG-04-300x200.png\" class=\"attachment-medium size-medium wp-image-102\" alt=\"CLYNIR BLOG 04\" srcset=\"https:\/\/blog.clynir.com\/wp-content\/uploads\/2026\/04\/CLYNIR-BLOG-04-300x200.png 300w, https:\/\/blog.clynir.com\/wp-content\/uploads\/2026\/04\/CLYNIR-BLOG-04-1024x683.png 1024w, https:\/\/blog.clynir.com\/wp-content\/uploads\/2026\/04\/CLYNIR-BLOG-04-768x512.png 768w, https:\/\/blog.clynir.com\/wp-content\/uploads\/2026\/04\/CLYNIR-BLOG-04.png 1536w\" sizes=\"(max-width: 300px) 100vw, 300px\" \/><\/div><\/a>\n\t\t\t\t<div class=\"elementor-post__badge\">Sa\u00fade<\/div>\n\t\t\t\t<div class=\"elementor-post__text\">\n\t\t\t\t<h3 class=\"elementor-post__title\">\n\t\t\t<a href=\"https:\/\/clynir.com\/blog\/saude-mental-virou-prioridade-e-as-clinicas-que-nao-se-adaptarem-vao-ficar-para-tras\/\" >\n\t\t\t\tSa\u00fade mental virou prioridade \u2014 e as cl\u00ednicas que n\u00e3o se adaptarem v\u00e3o ficar para tr\u00e1s\t\t\t<\/a>\n\t\t<\/h3>\n\t\t\t\t<\/div>\n\t\t\t\t\t<\/div>\n\t\t<\/article>\n\t\t\t\t<article class=\"elementor-post elementor-grid-item post-89 post type-post status-publish format-standard has-post-thumbnail hentry category-tecnologia\" role=\"listitem\">\n\t\t\t<div class=\"elementor-post__card\">\n\t\t\t\t<a class=\"elementor-post__thumbnail__link\" href=\"https:\/\/clynir.com\/blog\/como-a-tecnologia-esta-transformando-clinicas-e-quem-nao-acompanhar-vai-ficar-para-tras\/\" tabindex=\"-1\" ><div class=\"elementor-post__thumbnail\"><img loading=\"lazy\" decoding=\"async\" width=\"300\" height=\"200\" src=\"https:\/\/blog.clynir.com\/wp-content\/uploads\/2026\/04\/CLYNIR-BLOG-03-300x200.png\" class=\"attachment-medium size-medium wp-image-99\" alt=\"CLYNIR-BLOG-03.png\" srcset=\"https:\/\/blog.clynir.com\/wp-content\/uploads\/2026\/04\/CLYNIR-BLOG-03-300x200.png 300w, https:\/\/blog.clynir.com\/wp-content\/uploads\/2026\/04\/CLYNIR-BLOG-03-1024x683.png 1024w, https:\/\/blog.clynir.com\/wp-content\/uploads\/2026\/04\/CLYNIR-BLOG-03-768x512.png 768w, https:\/\/blog.clynir.com\/wp-content\/uploads\/2026\/04\/CLYNIR-BLOG-03.png 1536w\" sizes=\"(max-width: 300px) 100vw, 300px\" \/><\/div><\/a>\n\t\t\t\t<div class=\"elementor-post__badge\">Tecnologia<\/div>\n\t\t\t\t<div class=\"elementor-post__text\">\n\t\t\t\t<h3 class=\"elementor-post__title\">\n\t\t\t<a href=\"https:\/\/clynir.com\/blog\/como-a-tecnologia-esta-transformando-clinicas-e-quem-nao-acompanhar-vai-ficar-para-tras\/\" >\n\t\t\t\tComo a tecnologia est\u00e1 transformando cl\u00ednicas (e quem n\u00e3o acompanhar vai ficar para tr\u00e1s)\t\t\t<\/a>\n\t\t<\/h3>\n\t\t\t\t<\/div>\n\t\t\t\t\t<\/div>\n\t\t<\/article>\n\t\t\t\t<article class=\"elementor-post elementor-grid-item post-72 post type-post status-publish format-standard has-post-thumbnail hentry category-dicas\" role=\"listitem\">\n\t\t\t<div class=\"elementor-post__card\">\n\t\t\t\t<a class=\"elementor-post__thumbnail__link\" href=\"https:\/\/clynir.com\/blog\/5-erros-silenciosos-que-fazem-clinicas-perderem-pacientes-todos-os-dias\/\" tabindex=\"-1\" ><div class=\"elementor-post__thumbnail\"><img loading=\"lazy\" decoding=\"async\" width=\"300\" height=\"200\" src=\"https:\/\/blog.clynir.com\/wp-content\/uploads\/2026\/04\/CLYNIR-BLOG-02-300x200.png\" class=\"attachment-medium size-medium wp-image-73\" alt=\"CLYNIR BLOG 02\" srcset=\"https:\/\/blog.clynir.com\/wp-content\/uploads\/2026\/04\/CLYNIR-BLOG-02-300x200.png 300w, https:\/\/blog.clynir.com\/wp-content\/uploads\/2026\/04\/CLYNIR-BLOG-02-1024x683.png 1024w, https:\/\/blog.clynir.com\/wp-content\/uploads\/2026\/04\/CLYNIR-BLOG-02-768x512.png 768w, https:\/\/blog.clynir.com\/wp-content\/uploads\/2026\/04\/CLYNIR-BLOG-02.png 1536w\" sizes=\"(max-width: 300px) 100vw, 300px\" \/><\/div><\/a>\n\t\t\t\t<div class=\"elementor-post__badge\">Dicas<\/div>\n\t\t\t\t<div class=\"elementor-post__text\">\n\t\t\t\t<h3 class=\"elementor-post__title\">\n\t\t\t<a href=\"https:\/\/clynir.com\/blog\/5-erros-silenciosos-que-fazem-clinicas-perderem-pacientes-todos-os-dias\/\" >\n\t\t\t\t5 erros silenciosos que fazem cl\u00ednicas perderem pacientes todos os dias\t\t\t<\/a>\n\t\t<\/h3>\n\t\t\t\t<\/div>\n\t\t\t\t\t<\/div>\n\t\t<\/article>\n\t\t\t\t<article class=\"elementor-post elementor-grid-item post-65 post type-post status-publish format-standard has-post-thumbnail hentry category-dicas\" role=\"listitem\">\n\t\t\t<div class=\"elementor-post__card\">\n\t\t\t\t<a class=\"elementor-post__thumbnail__link\" href=\"https:\/\/clynir.com\/blog\/por-que-clinicas-organizadas-crescem-mais-rapido-mesmo-com-menos-pacientes\/\" tabindex=\"-1\" ><div class=\"elementor-post__thumbnail\"><img loading=\"lazy\" decoding=\"async\" width=\"300\" height=\"200\" src=\"https:\/\/blog.clynir.com\/wp-content\/uploads\/2026\/04\/CLYNIR-BLOG-01-300x200.png\" class=\"attachment-medium size-medium wp-image-66\" alt=\"CLYNIR BLOG 01\" srcset=\"https:\/\/blog.clynir.com\/wp-content\/uploads\/2026\/04\/CLYNIR-BLOG-01-300x200.png 300w, https:\/\/blog.clynir.com\/wp-content\/uploads\/2026\/04\/CLYNIR-BLOG-01-1024x683.png 1024w, https:\/\/blog.clynir.com\/wp-content\/uploads\/2026\/04\/CLYNIR-BLOG-01-768x512.png 768w, https:\/\/blog.clynir.com\/wp-content\/uploads\/2026\/04\/CLYNIR-BLOG-01.png 1536w\" sizes=\"(max-width: 300px) 100vw, 300px\" \/><\/div><\/a>\n\t\t\t\t<div class=\"elementor-post__badge\">Dicas<\/div>\n\t\t\t\t<div class=\"elementor-post__text\">\n\t\t\t\t<h3 class=\"elementor-post__title\">\n\t\t\t<a href=\"https:\/\/clynir.com\/blog\/por-que-clinicas-organizadas-crescem-mais-rapido-mesmo-com-menos-pacientes\/\" >\n\t\t\t\tPor que cl\u00ednicas organizadas crescem mais r\u00e1pido (mesmo com menos pacientes)\t\t\t<\/a>\n\t\t<\/h3>\n\t\t\t\t<\/div>\n\t\t\t\t\t<\/div>\n\t\t<\/article>\n\t\t\t\t<\/div>\n\t\t\n\t\t\t\t\t\t<\/div>\n\t\t\t\t<\/div>\n\t\t\t\t\t<\/div>\n\t\t\t\t<\/div>\n\t\t\t\t<\/div>\n\t\t","protected":false},"excerpt":{"rendered":"<p>Sa\u00fade Sa\u00fade mental virou prioridade \u2014 e as cl\u00ednicas que n\u00e3o se adaptarem v\u00e3o ficar para tr\u00e1s Tecnologia Como a tecnologia est\u00e1 transformando cl\u00ednicas (e<\/p>\n","protected":false},"author":1,"featured_media":0,"parent":0,"menu_order":0,"comment_status":"closed","ping_status":"closed","template":"elementor_header_footer","meta":{"footnotes":""},"class_list":["post-43","page","type-page","status-publish","hentry"],"_links":{"self":[{"href":"https:\/\/clynir.com\/blog\/wp-json\/wp\/v2\/pages\/43","targetHints":{"allow":["GET"]}}],"collection":[{"href":"https:\/\/clynir.com\/blog\/wp-json\/wp\/v2\/pages"}],"about":[{"href":"https:\/\/clynir.com\/blog\/wp-json\/wp\/v2\/types\/page"}],"author":[{"embeddable":true,"href":"https:\/\/clynir.com\/blog\/wp-json\/wp\/v2\/users\/1"}],"replies":[{"embeddable":true,"href":"https:\/\/clynir.com\/blog\/wp-json\/wp\/v2\/comments?post=43"}],"version-history":[{"count":136,"href":"https:\/\/clynir.com\/blog\/wp-json\/wp\/v2\/pages\/43\/revisions"}],"predecessor-version":[{"id":240,"href":"https:\/\/clynir.com\/blog\/wp-json\/wp\/v2\/pages\/43\/revisions\/240"}],"wp:attachment":[{"href":"https:\/\/clynir.com\/blog\/wp-json\/wp\/v2\/media?parent=43"}],"curies":[{"name":"wp","href":"https:\/\/api.w.org\/{rel}","templated":true}]}}